{"id":253,"date":"2012-05-25T14:39:16","date_gmt":"2012-05-25T18:39:16","guid":{"rendered":"http:\/\/aliquando.id-3.net\/?page_id=253"},"modified":"2023-07-26T13:51:59","modified_gmt":"2023-07-26T17:51:59","slug":"propos","status":"publish","type":"page","link":"https:\/\/equipeimmochezsoi.com\/en\/propos\/","title":{"rendered":"About us"},"content":{"rendered":"<p>Pour vendre rapidement et \u00e0 bon prix, je fais tout ce qu\u2019il faut pour attirer et rassurer les acheteurs. Avec moi, leur achat est couvert par des protections gratuites; en tout temps, je suis \u00e0 votre disposition pour vous expliquer ce programme.<\/p>\n<p>Bien s\u00fbr, mon travail de vente comprend \u00e9galement tous les services de base tels que la pr\u00e9paration d\u2019une opinion de la valeur marchande, l\u2019annonce de votre propri\u00e9t\u00e9 sur des sites web importants et dans diff\u00e9rents m\u00e9dias, la n\u00e9gociation, etc.<\/p>\n<p>Appelez-moi, ma comp\u00e9tence et mes connaissances sont \u00e0 votre service !<\/p>\n<p>&nbsp;<\/p>\n<div id=\"attachment_479\" style=\"width: 660px\" class=\"wp-caption aligncenter\"><a href=\"\/files\/2012\/05\/16107535_1008105799294736_2195781139324109418_o.jpg\"><img loading=\"lazy\" decoding=\"async\" aria-describedby=\"caption-attachment-479\" class=\"wp-image-479\" src=\"\/files\/2012\/05\/16107535_1008105799294736_2195781139324109418_o-1024x683.jpg\" alt=\"L'immobilier... de m\u00e8re en fille!\" width=\"650\" height=\"433\" srcset=\"https:\/\/equipeimmochezsoi.com\/files\/2012\/05\/16107535_1008105799294736_2195781139324109418_o-1024x683.jpg 1024w, https:\/\/equipeimmochezsoi.com\/files\/2012\/05\/16107535_1008105799294736_2195781139324109418_o-300x200.jpg 300w, https:\/\/equipeimmochezsoi.com\/files\/2012\/05\/16107535_1008105799294736_2195781139324109418_o-768x512.jpg 768w, https:\/\/equipeimmochezsoi.com\/files\/2012\/05\/16107535_1008105799294736_2195781139324109418_o.jpg 2048w\" sizes=\"auto, (max-width: 650px) 100vw, 650px\" \/><\/a><p id=\"caption-attachment-479\" class=\"wp-caption-text\">L&#8217;immobilier&#8230; de m\u00e8re en fille!<\/p><\/div>\n","protected":false},"excerpt":{"rendered":"<p>Pour vendre rapidement et \u00e0 bon prix, je fais tout ce qu\u2019il faut pour attirer et rassurer les acheteurs. Avec moi, leur achat est couvert par des protections gratuites; en tout temps, je suis \u00e0 votre disposition pour vous expliquer ce programme. Bien s\u00fbr, mon travail de vente comprend \u00e9galement tous les services de base [&hellip;]<\/p>\n","protected":false},"author":1,"featured_media":0,"parent":0,"menu_order":5,"comment_status":"open","ping_status":"closed","template":"page-templates\/advanced_page.php","meta":{"_acf_changed":false,"footnotes":""},"class_list":["post-253","page","type-page","status-publish","hentry"],"acf":[],"_links":{"self":[{"href":"https:\/\/equipeimmochezsoi.com\/en\/wp-json\/wp\/v2\/pages\/253","targetHints":{"allow":["GET"]}}],"collection":[{"href":"https:\/\/equipeimmochezsoi.com\/en\/wp-json\/wp\/v2\/pages"}],"about":[{"href":"https:\/\/equipeimmochezsoi.com\/en\/wp-json\/wp\/v2\/types\/page"}],"author":[{"embeddable":true,"href":"https:\/\/equipeimmochezsoi.com\/en\/wp-json\/wp\/v2\/users\/1"}],"replies":[{"embeddable":true,"href":"https:\/\/equipeimmochezsoi.com\/en\/wp-json\/wp\/v2\/comments?post=253"}],"version-history":[{"count":2,"href":"https:\/\/equipeimmochezsoi.com\/en\/wp-json\/wp\/v2\/pages\/253\/revisions"}],"predecessor-version":[{"id":964,"href":"https:\/\/equipeimmochezsoi.com\/en\/wp-json\/wp\/v2\/pages\/253\/revisions\/964"}],"wp:attachment":[{"href":"https:\/\/equipeimmochezsoi.com\/en\/wp-json\/wp\/v2\/media?parent=253"}],"curies":[{"name":"wp","href":"https:\/\/api.w.org\/{rel}","templated":true}]}}